{"id":226,"date":"2025-09-19T19:17:52","date_gmt":"2025-09-19T18:17:52","guid":{"rendered":"https:\/\/impuesto.xyz\/?page_id=226"},"modified":"2025-09-19T20:55:36","modified_gmt":"2025-09-19T19:55:36","slug":"contacto","status":"publish","type":"page","link":"https:\/\/impuesto.xyz\/index.php\/contacto\/","title":{"rendered":"Contacto"},"content":{"rendered":"\n<p>Av. Insurgentes Sur 730, 1\u00ba Piso, colonia Del Valle, alcald\u00eda Benito Ju\u00e1rez, C.P. 03100 Ciudad de M\u00e9xico, M\u00e9xico.<\/p>\n\n\n\n<p><\/p>\n","protected":false},"excerpt":{"rendered":"<p>Av. Insurgentes Sur 730, 1\u00ba Piso, colonia Del Valle, alcald\u00eda Benito Ju\u00e1rez, C.P. 03100 Ciudad de M\u00e9xico, M\u00e9xico.<\/p>\n","protected":false},"author":1,"featured_media":0,"parent":0,"menu_order":0,"comment_status":"closed","ping_status":"closed","template":"","meta":{"footnotes":""},"class_list":["post-226","page","type-page","status-publish","hentry"],"_links":{"self":[{"href":"https:\/\/impuesto.xyz\/index.php\/wp-json\/wp\/v2\/pages\/226","targetHints":{"allow":["GET"]}}],"collection":[{"href":"https:\/\/impuesto.xyz\/index.php\/wp-json\/wp\/v2\/pages"}],"about":[{"href":"https:\/\/impuesto.xyz\/index.php\/wp-json\/wp\/v2\/types\/page"}],"author":[{"embeddable":true,"href":"https:\/\/impuesto.xyz\/index.php\/wp-json\/wp\/v2\/users\/1"}],"replies":[{"embeddable":true,"href":"https:\/\/impuesto.xyz\/index.php\/wp-json\/wp\/v2\/comments?post=226"}],"version-history":[{"count":4,"href":"https:\/\/impuesto.xyz\/index.php\/wp-json\/wp\/v2\/pages\/226\/revisions"}],"predecessor-version":[{"id":276,"href":"https:\/\/impuesto.xyz\/index.php\/wp-json\/wp\/v2\/pages\/226\/revisions\/276"}],"wp:attachment":[{"href":"https:\/\/impuesto.xyz\/index.php\/wp-json\/wp\/v2\/media?parent=226"}],"curies":[{"name":"wp","href":"https:\/\/api.w.org\/{rel}","templated":true}]}}