{"id":225,"date":"2025-09-19T19:17:52","date_gmt":"2025-09-19T18:17:52","guid":{"rendered":"https:\/\/impuesto.xyz\/?page_id=225"},"modified":"2025-09-19T20:55:06","modified_gmt":"2025-09-19T19:55:06","slug":"servicios","status":"publish","type":"page","link":"https:\/\/impuesto.xyz\/index.php\/servicios\/","title":{"rendered":"Servicios"},"content":{"rendered":"\n<p>Nuestros servicios se especializan en tributaci\u00f3n de empresas, fiscalidad internacional y nacional, y en cumplimiento normativo. Estos servicios est\u00e1n dise\u00f1ados para ayudar a las empresas y particulares a cumplir con sus obligaciones fiscales y optimizar su situaci\u00f3n tributaria.<\/p>\n\n\n\n<p><\/p>\n\n\n\n<p><\/p>\n\n\n\n<p><\/p>\n","protected":false},"excerpt":{"rendered":"<p>Nuestros servicios se especializan en tributaci\u00f3n de empresas, fiscalidad internacional y nacional, y en cumplimiento normativo. Estos servicios est\u00e1n dise\u00f1ados para ayudar a las empresas y particulares a cumplir con sus obligaciones fiscales y optimizar su situaci\u00f3n tributaria.<\/p>\n","protected":false},"author":1,"featured_media":0,"parent":0,"menu_order":0,"comment_status":"closed","ping_status":"closed","template":"","meta":{"footnotes":""},"class_list":["post-225","page","type-page","status-publish","hentry"],"_links":{"self":[{"href":"https:\/\/impuesto.xyz\/index.php\/wp-json\/wp\/v2\/pages\/225","targetHints":{"allow":["GET"]}}],"collection":[{"href":"https:\/\/impuesto.xyz\/index.php\/wp-json\/wp\/v2\/pages"}],"about":[{"href":"https:\/\/impuesto.xyz\/index.php\/wp-json\/wp\/v2\/types\/page"}],"author":[{"embeddable":true,"href":"https:\/\/impuesto.xyz\/index.php\/wp-json\/wp\/v2\/users\/1"}],"replies":[{"embeddable":true,"href":"https:\/\/impuesto.xyz\/index.php\/wp-json\/wp\/v2\/comments?post=225"}],"version-history":[{"count":4,"href":"https:\/\/impuesto.xyz\/index.php\/wp-json\/wp\/v2\/pages\/225\/revisions"}],"predecessor-version":[{"id":275,"href":"https:\/\/impuesto.xyz\/index.php\/wp-json\/wp\/v2\/pages\/225\/revisions\/275"}],"wp:attachment":[{"href":"https:\/\/impuesto.xyz\/index.php\/wp-json\/wp\/v2\/media?parent=225"}],"curies":[{"name":"wp","href":"https:\/\/api.w.org\/{rel}","templated":true}]}}